{"id":3811,"date":"2022-03-28T14:56:16","date_gmt":"2022-03-28T14:56:16","guid":{"rendered":"https:\/\/campismo-o-tamanco.com\/sobre-nos\/"},"modified":"2025-01-29T18:32:32","modified_gmt":"2025-01-29T18:32:32","slug":"sobre-nos","status":"publish","type":"page","link":"https:\/\/campismo-o-tamanco.com\/pt-pt\/sobre-nos\/","title":{"rendered":"Sobre n\u00f3s"},"content":{"rendered":"\n<h1 class=\"wp-block-heading has-text-align-center\" id=\"manifesto\">Manifesto<\/h1>\n\n\n\n<div class=\"wp-block-group is-style-small-section is-layout-flow wp-block-group-is-layout-flow\">\n<h3 class=\"wp-block-heading has-text-align-center\">Esp\u00edrito de Care &amp; Share <\/h3>\n\n\n\n<p class=\"has-text-align-center\">Espa\u00e7os de campismo rodeadas de hortas biol\u00f3gicas, pomares de frutas e um toque de floresta. O Tamanco n\u00e3o \u00e9 um parque de campismo como qualquer outro. N\u00f3s preocupamo-nos com a natureza<\/p>\n\n\n\n<p class=\"has-text-align-center\">Juntamente consigo, queremos mudar a forma como nos ligamos \u00e0 natureza, \u00e0s pequenas coisas da vida quotidiana, enquanto as respeitamos, cuidamos e as cultivamos, fazendo desta ideia uma constante na nossa vida!<\/p>\n\n\n\n<h3 class=\"wp-block-heading has-text-align-center\">Terra a Terra<\/h3>\n\n\n\n<p class=\"has-text-align-center\">Aqui, fazemos as coisas \u00e0 maneira antiga. Pode n\u00e3o ser a forma mais r\u00e1pida, mas a vida n\u00e3o \u00e9 um filme, nem vivemos atrav\u00e9s das redes sociais. A nossa hist\u00f3ria, tal como a pr\u00f3pria vida, \u00e9 um bonito caos, e, portanto, ainda mais real. <\/p>\n\n\n\n<h3 class=\"wp-block-heading has-text-align-center\">As Coisas Bonitas Inspiram-nos<\/h3>\n\n\n\n<p class=\"has-text-align-center\">Preferimos reciclar e renovar e se houver oportunidade para criar, preferimos n\u00e3o comprar.<\/p>\n<\/div>\n\n\n\n<div class=\"wp-block-buttons is-layout-flex wp-block-buttons-is-layout-flex\">\n<div class=\"wp-block-button is-style-circle\"><a class=\"wp-block-button__link\" href=\"https:\/\/campismo-o-tamanco.com\/pt-pt\/reserva-ja\/\">Reserva<br>j\u00e1!<\/a><\/div>\n<\/div>\n\n\n\n<p><\/p>\n\n\n\n<figure class=\"wp-block-gallery has-nested-images columns-default is-cropped is-style-big-gap wp-block-gallery-1 is-layout-flex wp-block-gallery-is-layout-flex\">\n<figure class=\"wp-block-image size-large\"><img loading=\"lazy\" decoding=\"async\" width=\"1500\" height=\"1500\" data-id=\"4830\" src=\"https:\/\/campismo-o-tamanco.com\/wp-content\/uploads\/2022\/04\/DSC05280.jpg\" alt=\"\" class=\"wp-image-4830\" srcset=\"https:\/\/campismo-o-tamanco.com\/wp-content\/uploads\/2022\/04\/DSC05280.jpg 1500w, https:\/\/campismo-o-tamanco.com\/wp-content\/uploads\/2022\/04\/DSC05280-300x300.jpg 300w, https:\/\/campismo-o-tamanco.com\/wp-content\/uploads\/2022\/04\/DSC05280-1024x1024.jpg 1024w, https:\/\/campismo-o-tamanco.com\/wp-content\/uploads\/2022\/04\/DSC05280-150x150.jpg 150w, https:\/\/campismo-o-tamanco.com\/wp-content\/uploads\/2022\/04\/DSC05280-768x768.jpg 768w, https:\/\/campismo-o-tamanco.com\/wp-content\/uploads\/2022\/04\/DSC05280-512x512.jpg 512w\" sizes=\"auto, (max-width: 1500px) 100vw, 1500px\" \/><\/figure>\n\n\n\n<figure class=\"wp-block-image size-large\"><img loading=\"lazy\" decoding=\"async\" width=\"1500\" height=\"1500\" data-id=\"4837\" src=\"https:\/\/campismo-o-tamanco.com\/wp-content\/uploads\/2022\/04\/DSC05260.jpg\" alt=\"\" class=\"wp-image-4837\" srcset=\"https:\/\/campismo-o-tamanco.com\/wp-content\/uploads\/2022\/04\/DSC05260.jpg 1500w, https:\/\/campismo-o-tamanco.com\/wp-content\/uploads\/2022\/04\/DSC05260-300x300.jpg 300w, https:\/\/campismo-o-tamanco.com\/wp-content\/uploads\/2022\/04\/DSC05260-1024x1024.jpg 1024w, https:\/\/campismo-o-tamanco.com\/wp-content\/uploads\/2022\/04\/DSC05260-150x150.jpg 150w, https:\/\/campismo-o-tamanco.com\/wp-content\/uploads\/2022\/04\/DSC05260-768x768.jpg 768w, https:\/\/campismo-o-tamanco.com\/wp-content\/uploads\/2022\/04\/DSC05260-512x512.jpg 512w\" sizes=\"auto, (max-width: 1500px) 100vw, 1500px\" \/><\/figure>\n\n\n\n<figure class=\"wp-block-image size-large\"><img loading=\"lazy\" decoding=\"async\" width=\"2560\" height=\"2560\" data-id=\"3994\" src=\"https:\/\/campismo-o-tamanco.com\/wp-content\/uploads\/2022\/04\/DSC05045-1-scaled.jpg\" alt=\"\" class=\"wp-image-3994\" srcset=\"https:\/\/campismo-o-tamanco.com\/wp-content\/uploads\/2022\/04\/DSC05045-1-scaled.jpg 2560w, https:\/\/campismo-o-tamanco.com\/wp-content\/uploads\/2022\/04\/DSC05045-1-300x300.jpg 300w, https:\/\/campismo-o-tamanco.com\/wp-content\/uploads\/2022\/04\/DSC05045-1-1024x1024.jpg 1024w, https:\/\/campismo-o-tamanco.com\/wp-content\/uploads\/2022\/04\/DSC05045-1-150x150.jpg 150w, https:\/\/campismo-o-tamanco.com\/wp-content\/uploads\/2022\/04\/DSC05045-1-768x768.jpg 768w, https:\/\/campismo-o-tamanco.com\/wp-content\/uploads\/2022\/04\/DSC05045-1-1536x1536.jpg 1536w, https:\/\/campismo-o-tamanco.com\/wp-content\/uploads\/2022\/04\/DSC05045-1-2048x2048.jpg 2048w, https:\/\/campismo-o-tamanco.com\/wp-content\/uploads\/2022\/04\/DSC05045-1-512x512.jpg 512w\" sizes=\"auto, (max-width: 2560px) 100vw, 2560px\" \/><\/figure>\n<\/figure>\n\n\n\n<div class=\"wp-block-cover alignfull\" style=\"min-height:478px;aspect-ratio:unset;\"><span aria-hidden=\"true\" class=\"wp-block-cover__background has-background-dim-0 has-background-dim\"><\/span><img loading=\"lazy\" decoding=\"async\" width=\"2000\" height=\"875\" class=\"wp-block-cover__image-background wp-image-4895\" alt=\"\" src=\"https:\/\/campismo-o-tamanco.com\/wp-content\/uploads\/2022\/04\/DSC05293-6.jpg\" style=\"object-position:45% 73%\" data-object-fit=\"cover\" data-object-position=\"45% 73%\" srcset=\"https:\/\/campismo-o-tamanco.com\/wp-content\/uploads\/2022\/04\/DSC05293-6.jpg 2000w, https:\/\/campismo-o-tamanco.com\/wp-content\/uploads\/2022\/04\/DSC05293-6-300x131.jpg 300w, https:\/\/campismo-o-tamanco.com\/wp-content\/uploads\/2022\/04\/DSC05293-6-1024x448.jpg 1024w, https:\/\/campismo-o-tamanco.com\/wp-content\/uploads\/2022\/04\/DSC05293-6-768x336.jpg 768w, https:\/\/campismo-o-tamanco.com\/wp-content\/uploads\/2022\/04\/DSC05293-6-1536x672.jpg 1536w\" sizes=\"auto, (max-width: 2000px) 100vw, 2000px\" \/><div class=\"wp-block-cover__inner-container is-layout-flow wp-block-cover-is-layout-flow\">\n<p class=\"has-text-align-center has-large-font-size\"><\/p>\n<\/div><\/div>\n\n\n\n<h2 class=\"wp-block-heading has-text-align-center\" id=\"who-we-are\">Quem n\u00f3s somos<\/h2>\n\n\n\n<p>Ol\u00e1! N\u00f3s somos David e Rebecca e somos os novos propriet\u00e1rios e cuidadores deste amado O Tamanco. Estamos ansiosos por continuar a experi\u00eancia fant\u00e1stica que O Tamanco tem oferecido durante tantos anos, e adoramos que se juntem a n\u00f3s nesta viagem. At\u00e9 breve!<\/p>\n\n\n\n<p><\/p>\n\n\n\n<div class=\"wp-block-group alignfull has-tertiary-background-color has-background is-layout-flow wp-block-group-is-layout-flow\">\n<p class=\"has-text-align-center\"><a href=\"https:\/\/campismo-o-tamanco.com\/pt-pt\/noticias\/\" data-type=\"page\" data-id=\"3817\">+++ Junte-se a nossa equipe +++<\/a><\/p>\n<\/div>\n\n\n\n<figure class=\"wp-block-gallery has-nested-images columns-default is-cropped is-style-big-gap wp-block-gallery-2 is-layout-flex wp-block-gallery-is-layout-flex\"><\/figure>\n\n\n\n<div class=\"wp-block-cover alignfull has-parallax\"><span aria-hidden=\"true\" class=\"wp-block-cover__background has-background-dim-0 has-background-dim\"><\/span><div class=\"wp-block-cover__image-background wp-image-4912 has-parallax\" style=\"background-position:50% 50%;background-image:url(https:\/\/campismo-o-tamanco.com\/wp-content\/uploads\/2022\/04\/DSC05253.jpg)\"><\/div><div class=\"wp-block-cover__inner-container is-layout-flow wp-block-cover-is-layout-flow\">\n<p class=\"has-text-align-center has-large-font-size\"><\/p>\n<\/div><\/div>\n\n\n\n<h2 class=\"wp-block-heading has-text-align-center\" id=\"artist-exchange\">Programa de Interc\u00e2mbio\npara Artistas y Artes\u00e3os<\/h2>\n\n\n\n<p class=\"has-text-align-center\">O Tamanco oferece um Programa de Interc\u00e2mbio para artistas &amp; artes\u00e3os a pessoas que possuem um toque de talento e que partilham um gosto por criar e partilhar. Convidamos-te a ficar no parque de campismo por um per\u00edodo, em troca de contribuir com as tuas obras de arte e conte\u00fado para O Tamanco!\n\nPara mais informa\u00e7\u00f5es ou para submeteres candidatura entra em contacto por e-mail: tamanco.irene@me.com<\/p>\n","protected":false},"excerpt":{"rendered":"<p>Manifesto Esp\u00edrito de Care &amp; Share Espa\u00e7os de campismo rodeadas de hortas biol\u00f3gicas, pomares de frutas e um toque de floresta. O Tamanco n\u00e3o \u00e9 um parque de campismo como qualquer outro. N\u00f3s preocupamo-nos com a natureza Juntamente consigo, queremos mudar a forma como nos ligamos \u00e0 natureza, \u00e0s pequenas coisas da vida quotidiana, enquanto [&hellip;]<\/p>\n","protected":false},"author":3,"featured_media":0,"parent":0,"menu_order":0,"comment_status":"closed","ping_status":"closed","template":"","meta":{"inline_featured_image":false,"footnotes":""},"class_list":["post-3811","page","type-page","status-publish","hentry"],"yoast_head":"<!-- This site is optimized with the Yoast SEO plugin v27.4 - https:\/\/yoast.com\/product\/yoast-seo-wordpress\/ -->\n<title>Sobre n\u00f3s - Tamanco Camp Portugal<\/title>\n<meta name=\"robots\" content=\"index, follow, max-snippet:-1, max-image-preview:large, max-video-preview:-1\" \/>\n<link rel=\"canonical\" href=\"https:\/\/campismo-o-tamanco.com\/pt-pt\/sobre-nos\/\" \/>\n<meta property=\"og:locale\" content=\"pt_PT\" \/>\n<meta property=\"og:type\" content=\"article\" \/>\n<meta property=\"og:title\" content=\"Sobre n\u00f3s - Tamanco Camp Portugal\" \/>\n<meta property=\"og:description\" content=\"Manifesto Esp\u00edrito de Care &amp; Share Espa\u00e7os de campismo rodeadas de hortas biol\u00f3gicas, pomares de frutas e um toque de floresta. O Tamanco n\u00e3o \u00e9 um parque de campismo como qualquer outro. N\u00f3s preocupamo-nos com a natureza Juntamente consigo, queremos mudar a forma como nos ligamos \u00e0 natureza, \u00e0s pequenas coisas da vida quotidiana, enquanto [&hellip;]\" \/>\n<meta property=\"og:url\" content=\"https:\/\/campismo-o-tamanco.com\/pt-pt\/sobre-nos\/\" \/>\n<meta property=\"og:site_name\" content=\"Tamanco Camp Portugal\" \/>\n<meta property=\"article:publisher\" content=\"https:\/\/www.facebook.com\/campismotamanco\/\" \/>\n<meta property=\"article:modified_time\" content=\"2025-01-29T18:32:32+00:00\" \/>\n<meta property=\"og:image\" content=\"https:\/\/campismo-o-tamanco.com\/wp-content\/uploads\/2022\/04\/DSC05280.jpg\" \/>\n\t<meta property=\"og:image:width\" content=\"1500\" \/>\n\t<meta property=\"og:image:height\" content=\"1500\" \/>\n\t<meta property=\"og:image:type\" content=\"image\/jpeg\" \/>\n<meta name=\"twitter:card\" content=\"summary_large_image\" \/>\n<meta name=\"twitter:label1\" content=\"Tempo estimado de leitura\" \/>\n\t<meta name=\"twitter:data1\" content=\"2 minutos\" \/>\n<script type=\"application\/ld+json\" class=\"yoast-schema-graph\">{\"@context\":\"https:\\\/\\\/schema.org\",\"@graph\":[{\"@type\":\"WebPage\",\"@id\":\"https:\\\/\\\/campismo-o-tamanco.com\\\/pt-pt\\\/sobre-nos\\\/\",\"url\":\"https:\\\/\\\/campismo-o-tamanco.com\\\/pt-pt\\\/sobre-nos\\\/\",\"name\":\"Sobre n\u00f3s - Tamanco Camp Portugal\",\"isPartOf\":{\"@id\":\"https:\\\/\\\/campismo-o-tamanco.com\\\/pt-pt\\\/#website\"},\"primaryImageOfPage\":{\"@id\":\"https:\\\/\\\/campismo-o-tamanco.com\\\/pt-pt\\\/sobre-nos\\\/#primaryimage\"},\"image\":{\"@id\":\"https:\\\/\\\/campismo-o-tamanco.com\\\/pt-pt\\\/sobre-nos\\\/#primaryimage\"},\"thumbnailUrl\":\"https:\\\/\\\/campismo-o-tamanco.com\\\/wp-content\\\/uploads\\\/2022\\\/04\\\/DSC05280.jpg\",\"datePublished\":\"2022-03-28T14:56:16+00:00\",\"dateModified\":\"2025-01-29T18:32:32+00:00\",\"breadcrumb\":{\"@id\":\"https:\\\/\\\/campismo-o-tamanco.com\\\/pt-pt\\\/sobre-nos\\\/#breadcrumb\"},\"inLanguage\":\"pt-PT\",\"potentialAction\":[{\"@type\":\"ReadAction\",\"target\":[\"https:\\\/\\\/campismo-o-tamanco.com\\\/pt-pt\\\/sobre-nos\\\/\"]}]},{\"@type\":\"ImageObject\",\"inLanguage\":\"pt-PT\",\"@id\":\"https:\\\/\\\/campismo-o-tamanco.com\\\/pt-pt\\\/sobre-nos\\\/#primaryimage\",\"url\":\"https:\\\/\\\/campismo-o-tamanco.com\\\/wp-content\\\/uploads\\\/2022\\\/04\\\/DSC05280.jpg\",\"contentUrl\":\"https:\\\/\\\/campismo-o-tamanco.com\\\/wp-content\\\/uploads\\\/2022\\\/04\\\/DSC05280.jpg\"},{\"@type\":\"BreadcrumbList\",\"@id\":\"https:\\\/\\\/campismo-o-tamanco.com\\\/pt-pt\\\/sobre-nos\\\/#breadcrumb\",\"itemListElement\":[{\"@type\":\"ListItem\",\"position\":1,\"name\":\"Home\",\"item\":\"https:\\\/\\\/campismo-o-tamanco.com\\\/pt-pt\\\/\"},{\"@type\":\"ListItem\",\"position\":2,\"name\":\"Sobre n\u00f3s\"}]},{\"@type\":\"WebSite\",\"@id\":\"https:\\\/\\\/campismo-o-tamanco.com\\\/pt-pt\\\/#website\",\"url\":\"https:\\\/\\\/campismo-o-tamanco.com\\\/pt-pt\\\/\",\"name\":\"Tamanco Camp Portugal\",\"description\":\"Camping, Cabanas, Yurts, Tubismo\",\"publisher\":{\"@id\":\"https:\\\/\\\/campismo-o-tamanco.com\\\/pt-pt\\\/#organization\"},\"potentialAction\":[{\"@type\":\"SearchAction\",\"target\":{\"@type\":\"EntryPoint\",\"urlTemplate\":\"https:\\\/\\\/campismo-o-tamanco.com\\\/pt-pt\\\/?s={search_term_string}\"},\"query-input\":{\"@type\":\"PropertyValueSpecification\",\"valueRequired\":true,\"valueName\":\"search_term_string\"}}],\"inLanguage\":\"pt-PT\"},{\"@type\":\"Organization\",\"@id\":\"https:\\\/\\\/campismo-o-tamanco.com\\\/pt-pt\\\/#organization\",\"name\":\"Campismo O Tamanco\",\"url\":\"https:\\\/\\\/campismo-o-tamanco.com\\\/pt-pt\\\/\",\"logo\":{\"@type\":\"ImageObject\",\"inLanguage\":\"pt-PT\",\"@id\":\"https:\\\/\\\/campismo-o-tamanco.com\\\/pt-pt\\\/#\\\/schema\\\/logo\\\/image\\\/\",\"url\":\"https:\\\/\\\/campismo-o-tamanco.com\\\/wp-content\\\/uploads\\\/2022\\\/03\\\/campismo-o-tamanco-logo-dark.svg\",\"contentUrl\":\"https:\\\/\\\/campismo-o-tamanco.com\\\/wp-content\\\/uploads\\\/2022\\\/03\\\/campismo-o-tamanco-logo-dark.svg\",\"width\":782,\"height\":87,\"caption\":\"Campismo O Tamanco\"},\"image\":{\"@id\":\"https:\\\/\\\/campismo-o-tamanco.com\\\/pt-pt\\\/#\\\/schema\\\/logo\\\/image\\\/\"},\"sameAs\":[\"https:\\\/\\\/www.facebook.com\\\/campismotamanco\\\/\",\"https:\\\/\\\/www.instagram.com\\\/campismotamanco\\\/\",\"https:\\\/\\\/www.pinterest.pt\\\/tamancoirene\\\/\"]}]}<\/script>\n<!-- \/ Yoast SEO plugin. -->","yoast_head_json":{"title":"Sobre n\u00f3s - Tamanco Camp Portugal","robots":{"index":"index","follow":"follow","max-snippet":"max-snippet:-1","max-image-preview":"max-image-preview:large","max-video-preview":"max-video-preview:-1"},"canonical":"https:\/\/campismo-o-tamanco.com\/pt-pt\/sobre-nos\/","og_locale":"pt_PT","og_type":"article","og_title":"Sobre n\u00f3s - Tamanco Camp Portugal","og_description":"Manifesto Esp\u00edrito de Care &amp; Share Espa\u00e7os de campismo rodeadas de hortas biol\u00f3gicas, pomares de frutas e um toque de floresta. O Tamanco n\u00e3o \u00e9 um parque de campismo como qualquer outro. N\u00f3s preocupamo-nos com a natureza Juntamente consigo, queremos mudar a forma como nos ligamos \u00e0 natureza, \u00e0s pequenas coisas da vida quotidiana, enquanto [&hellip;]","og_url":"https:\/\/campismo-o-tamanco.com\/pt-pt\/sobre-nos\/","og_site_name":"Tamanco Camp Portugal","article_publisher":"https:\/\/www.facebook.com\/campismotamanco\/","article_modified_time":"2025-01-29T18:32:32+00:00","og_image":[{"width":1500,"height":1500,"url":"https:\/\/campismo-o-tamanco.com\/wp-content\/uploads\/2022\/04\/DSC05280.jpg","type":"image\/jpeg"}],"twitter_card":"summary_large_image","twitter_misc":{"Tempo estimado de leitura":"2 minutos"},"schema":{"@context":"https:\/\/schema.org","@graph":[{"@type":"WebPage","@id":"https:\/\/campismo-o-tamanco.com\/pt-pt\/sobre-nos\/","url":"https:\/\/campismo-o-tamanco.com\/pt-pt\/sobre-nos\/","name":"Sobre n\u00f3s - Tamanco Camp Portugal","isPartOf":{"@id":"https:\/\/campismo-o-tamanco.com\/pt-pt\/#website"},"primaryImageOfPage":{"@id":"https:\/\/campismo-o-tamanco.com\/pt-pt\/sobre-nos\/#primaryimage"},"image":{"@id":"https:\/\/campismo-o-tamanco.com\/pt-pt\/sobre-nos\/#primaryimage"},"thumbnailUrl":"https:\/\/campismo-o-tamanco.com\/wp-content\/uploads\/2022\/04\/DSC05280.jpg","datePublished":"2022-03-28T14:56:16+00:00","dateModified":"2025-01-29T18:32:32+00:00","breadcrumb":{"@id":"https:\/\/campismo-o-tamanco.com\/pt-pt\/sobre-nos\/#breadcrumb"},"inLanguage":"pt-PT","potentialAction":[{"@type":"ReadAction","target":["https:\/\/campismo-o-tamanco.com\/pt-pt\/sobre-nos\/"]}]},{"@type":"ImageObject","inLanguage":"pt-PT","@id":"https:\/\/campismo-o-tamanco.com\/pt-pt\/sobre-nos\/#primaryimage","url":"https:\/\/campismo-o-tamanco.com\/wp-content\/uploads\/2022\/04\/DSC05280.jpg","contentUrl":"https:\/\/campismo-o-tamanco.com\/wp-content\/uploads\/2022\/04\/DSC05280.jpg"},{"@type":"BreadcrumbList","@id":"https:\/\/campismo-o-tamanco.com\/pt-pt\/sobre-nos\/#breadcrumb","itemListElement":[{"@type":"ListItem","position":1,"name":"Home","item":"https:\/\/campismo-o-tamanco.com\/pt-pt\/"},{"@type":"ListItem","position":2,"name":"Sobre n\u00f3s"}]},{"@type":"WebSite","@id":"https:\/\/campismo-o-tamanco.com\/pt-pt\/#website","url":"https:\/\/campismo-o-tamanco.com\/pt-pt\/","name":"Tamanco Camp Portugal","description":"Camping, Cabanas, Yurts, Tubismo","publisher":{"@id":"https:\/\/campismo-o-tamanco.com\/pt-pt\/#organization"},"potentialAction":[{"@type":"SearchAction","target":{"@type":"EntryPoint","urlTemplate":"https:\/\/campismo-o-tamanco.com\/pt-pt\/?s={search_term_string}"},"query-input":{"@type":"PropertyValueSpecification","valueRequired":true,"valueName":"search_term_string"}}],"inLanguage":"pt-PT"},{"@type":"Organization","@id":"https:\/\/campismo-o-tamanco.com\/pt-pt\/#organization","name":"Campismo O Tamanco","url":"https:\/\/campismo-o-tamanco.com\/pt-pt\/","logo":{"@type":"ImageObject","inLanguage":"pt-PT","@id":"https:\/\/campismo-o-tamanco.com\/pt-pt\/#\/schema\/logo\/image\/","url":"https:\/\/campismo-o-tamanco.com\/wp-content\/uploads\/2022\/03\/campismo-o-tamanco-logo-dark.svg","contentUrl":"https:\/\/campismo-o-tamanco.com\/wp-content\/uploads\/2022\/03\/campismo-o-tamanco-logo-dark.svg","width":782,"height":87,"caption":"Campismo O Tamanco"},"image":{"@id":"https:\/\/campismo-o-tamanco.com\/pt-pt\/#\/schema\/logo\/image\/"},"sameAs":["https:\/\/www.facebook.com\/campismotamanco\/","https:\/\/www.instagram.com\/campismotamanco\/","https:\/\/www.pinterest.pt\/tamancoirene\/"]}]}},"_links":{"self":[{"href":"https:\/\/campismo-o-tamanco.com\/pt-pt\/wp-json\/wp\/v2\/pages\/3811","targetHints":{"allow":["GET"]}}],"collection":[{"href":"https:\/\/campismo-o-tamanco.com\/pt-pt\/wp-json\/wp\/v2\/pages"}],"about":[{"href":"https:\/\/campismo-o-tamanco.com\/pt-pt\/wp-json\/wp\/v2\/types\/page"}],"author":[{"embeddable":true,"href":"https:\/\/campismo-o-tamanco.com\/pt-pt\/wp-json\/wp\/v2\/users\/3"}],"replies":[{"embeddable":true,"href":"https:\/\/campismo-o-tamanco.com\/pt-pt\/wp-json\/wp\/v2\/comments?post=3811"}],"version-history":[{"count":7,"href":"https:\/\/campismo-o-tamanco.com\/pt-pt\/wp-json\/wp\/v2\/pages\/3811\/revisions"}],"predecessor-version":[{"id":6139,"href":"https:\/\/campismo-o-tamanco.com\/pt-pt\/wp-json\/wp\/v2\/pages\/3811\/revisions\/6139"}],"wp:attachment":[{"href":"https:\/\/campismo-o-tamanco.com\/pt-pt\/wp-json\/wp\/v2\/media?parent=3811"}],"curies":[{"name":"wp","href":"https:\/\/api.w.org\/{rel}","templated":true}]}}